{"id":2101,"date":"2023-01-04T22:12:16","date_gmt":"2023-01-04T21:12:16","guid":{"rendered":"https:\/\/voirlavie.org\/?page_id=2101"},"modified":"2026-03-10T08:19:22","modified_gmt":"2026-03-10T07:19:22","slug":"conditions-generales-de-vente","status":"publish","type":"page","link":"https:\/\/voirlavie.org\/en\/conditions-generales-de-vente\/","title":{"rendered":"General conditions of sale"},"content":{"rendered":"<div class=\"wp-block-cover alignfull is-light\"><img loading=\"lazy\" decoding=\"async\" width=\"986\" height=\"616\" class=\"wp-block-cover__image-background wp-image-2212 size-full\" alt=\"\" src=\"https:\/\/voirlavie.org\/wp-content\/uploads\/2024\/01\/GuineeNews.jpg\" data-object-fit=\"cover\" srcset=\"https:\/\/voirlavie.org\/wp-content\/uploads\/2024\/01\/GuineeNews.jpg 986w, https:\/\/voirlavie.org\/wp-content\/uploads\/2024\/01\/GuineeNews-300x187.jpg 300w, https:\/\/voirlavie.org\/wp-content\/uploads\/2024\/01\/GuineeNews-768x480.jpg 768w, https:\/\/voirlavie.org\/wp-content\/uploads\/2024\/01\/GuineeNews-400x250.jpg 400w, https:\/\/voirlavie.org\/wp-content\/uploads\/2024\/01\/GuineeNews-980x612.jpg 980w, https:\/\/voirlavie.org\/wp-content\/uploads\/2024\/01\/GuineeNews-480x300.jpg 480w, https:\/\/voirlavie.org\/wp-content\/uploads\/2024\/01\/GuineeNews-600x375.jpg 600w\" sizes=\"auto, (max-width: 986px) 100vw, 986px\" \/><span aria-hidden=\"true\" class=\"wp-block-cover__background has-background-dim-0 has-background-dim\" style=\"background-color:#9c8170\"><\/span><div class=\"wp-block-cover__inner-container is-layout-constrained wp-block-cover-is-layout-constrained\">\n<h1 class=\"wp-block-heading has-text-align-center has-ast-global-color-5-color has-text-color has-link-color has-x-large-font-size wp-elements-d37970fe6bbc5e21dd70a57bbc32d6b0\" style=\"text-transform:uppercase\">General conditions of sale<\/h1>\n<\/div><\/div>\n\n\n\n<div style=\"height:70px\" aria-hidden=\"true\" class=\"wp-block-spacer\"><\/div>\n\n\n\n<div class=\"wp-block-uagb-container uagb-block-5cc1b89f alignfull uagb-is-root-container\"><div class=\"uagb-container-inner-blocks-wrap\">\n<p>The Voir La Vie association offers its members two forms of support: an annual membership or the payment of a donation. Neither participation is obligatory nor renewable by tacit agreement. It is up to the member or donor to renew, at their discretion, their participation whenever they wish (annually for membership, without periodicity for donations).<br><br>The payment of a membership and a donation opens to a tax exemption as indicated on the &quot;Join&quot; page of the site. A tax exemption certificate is sent by email when the contribution is paid. It allows you to download your administrative and legal document from the proposed link. <br><br>Upon request to the Association Office (info@voirlavie.org), this document can be sent by e-mail in pdf format.<br><br>Donations in kind are also subject to tax exemption as indicated on the \u201cGive\u201d page of the site.<\/p>\n<\/div><\/div>\n\n\n\n<div style=\"height:70px\" aria-hidden=\"true\" class=\"wp-block-spacer\"><\/div>","protected":false},"excerpt":{"rendered":"<p>L&rsquo;association Voir La Vie propose \u00e0 ses adh\u00e9rents de la soutenir sous deux formes : une adh\u00e9sion annuelle ou le versement d&rsquo;un don. Aucune des deux participations n&rsquo;est obligatoire ni renouvelable par tacite reconduction. Il appartient \u00e0 l&rsquo;adh\u00e9rent ou au donateur de renouveler, \u00e0 discr\u00e9tion, sa participation quand il le d\u00e9sire (annuellement pour l&rsquo;adh\u00e9sion, sans [&hellip;]<\/p>\n","protected":false},"author":2,"featured_media":0,"parent":0,"menu_order":0,"comment_status":"closed","ping_status":"closed","template":"","meta":{"_uag_custom_page_level_css":"","site-sidebar-layout":"default","site-content-layout":"","ast-site-content-layout":"default","site-content-style":"default","site-sidebar-style":"default","ast-global-header-display":"","ast-banner-title-visibility":"","ast-main-header-display":"","ast-hfb-above-header-display":"","ast-hfb-below-header-display":"","ast-hfb-mobile-header-display":"","site-post-title":"disabled","ast-breadcrumbs-content":"","ast-featured-img":"","footer-sml-layout":"","ast-disable-related-posts":"","theme-transparent-header-meta":"","adv-header-id-meta":"","stick-header-meta":"","header-above-stick-meta":"","header-main-stick-meta":"","header-below-stick-meta":"","astra-migrate-meta-layouts":"set","ast-page-background-enabled":"default","ast-page-background-meta":{"desktop":{"background-color":"","background-image":"","background-repeat":"repeat","background-position":"center center","background-size":"auto","background-attachment":"scroll","background-type":"","background-media":"","overlay-type":"","overlay-color":"","overlay-opacity":"","overlay-gradient":""},"tablet":{"background-color":"","background-image":"","background-repeat":"repeat","background-position":"center center","background-size":"auto","background-attachment":"scroll","background-type":"","background-media":"","overlay-type":"","overlay-color":"","overlay-opacity":"","overlay-gradient":""},"mobile":{"background-color":"","background-image":"","background-repeat":"repeat","background-position":"center center","background-size":"auto","background-attachment":"scroll","background-type":"","background-media":"","overlay-type":"","overlay-color":"","overlay-opacity":"","overlay-gradient":""}},"ast-content-background-meta":{"desktop":{"background-color":"var(--ast-global-color-5)","background-image":"","background-repeat":"repeat","background-position":"center center","background-size":"auto","background-attachment":"scroll","background-type":"","background-media":"","overlay-type":"","overlay-color":"","overlay-opacity":"","overlay-gradient":""},"tablet":{"background-color":"var(--ast-global-color-5)","background-image":"","background-repeat":"repeat","background-position":"center center","background-size":"auto","background-attachment":"scroll","background-type":"","background-media":"","overlay-type":"","overlay-color":"","overlay-opacity":"","overlay-gradient":""},"mobile":{"background-color":"var(--ast-global-color-5)","background-image":"","background-repeat":"repeat","background-position":"center center","background-size":"auto","background-attachment":"scroll","background-type":"","background-media":"","overlay-type":"","overlay-color":"","overlay-opacity":"","overlay-gradient":""}},"gsap_anim_timeline":[],"footnotes":""},"class_list":["post-2101","page","type-page","status-publish","hentry"],"uagb_featured_image_src":{"full":false,"thumbnail":false,"medium":false,"medium_large":false,"large":false,"1536x1536":false,"2048x2048":false,"trp-custom-language-flag":false,"woocommerce_thumbnail":false,"woocommerce_single":false,"woocommerce_gallery_thumbnail":false},"uagb_author_info":{"display_name":"Nicolas G\u00e9rakis","author_link":"https:\/\/voirlavie.org\/en\/author\/nicolas_i54l2rfz\/"},"uagb_comment_info":0,"uagb_excerpt":"L&rsquo;association Voir La Vie propose \u00e0 ses adh\u00e9rents de la soutenir sous deux formes : une adh\u00e9sion annuelle ou le versement d&rsquo;un don. Aucune des deux participations n&rsquo;est obligatoire ni renouvelable par tacite reconduction. Il appartient \u00e0 l&rsquo;adh\u00e9rent ou au donateur de renouveler, \u00e0 discr\u00e9tion, sa participation quand il le d\u00e9sire (annuellement pour l&rsquo;adh\u00e9sion, sans&hellip;","_links":{"self":[{"href":"https:\/\/voirlavie.org\/en\/wp-json\/wp\/v2\/pages\/2101","targetHints":{"allow":["GET"]}}],"collection":[{"href":"https:\/\/voirlavie.org\/en\/wp-json\/wp\/v2\/pages"}],"about":[{"href":"https:\/\/voirlavie.org\/en\/wp-json\/wp\/v2\/types\/page"}],"author":[{"embeddable":true,"href":"https:\/\/voirlavie.org\/en\/wp-json\/wp\/v2\/users\/2"}],"replies":[{"embeddable":true,"href":"https:\/\/voirlavie.org\/en\/wp-json\/wp\/v2\/comments?post=2101"}],"version-history":[{"count":3,"href":"https:\/\/voirlavie.org\/en\/wp-json\/wp\/v2\/pages\/2101\/revisions"}],"predecessor-version":[{"id":5829,"href":"https:\/\/voirlavie.org\/en\/wp-json\/wp\/v2\/pages\/2101\/revisions\/5829"}],"wp:attachment":[{"href":"https:\/\/voirlavie.org\/en\/wp-json\/wp\/v2\/media?parent=2101"}],"curies":[{"name":"wp","href":"https:\/\/api.w.org\/{rel}","templated":true}]}}